{"id":880,"date":"2022-11-01T16:43:44","date_gmt":"2022-11-01T15:43:44","guid":{"rendered":"http:\/\/tokarukmadej.gdmt.pl\/?page_id=880"},"modified":"2022-11-01T16:43:49","modified_gmt":"2022-11-01T15:43:49","slug":"rodo","status":"publish","type":"page","link":"https:\/\/gdmt.pl\/index.php\/rodo\/","title":{"rendered":"RODO"},"content":{"rendered":"\n<p>W dniu 25 maja 2018 roku w \u017cycie wesz\u0142y przepisy Rozporz\u0105dzenia Parlamentu Europejskiego i Rady (UE) 2016\/679 z dnia 27 kwietnia 2016 roku&nbsp;traktuj\u0105ce o ochronie os\u00f3b fizycznych w zwi\u0105zku z przetwarzaniem danych osobowych i w sprawie swobodnego przep\u0142ywu takich danych oraz uchylenia dyrektywy 95\/46\/WE (dalej \u201eRODO\u201d).<br>Wprowadz\u0105 one jasne oraz ujednolicone dla ca\u0142ej Unii Europejskiej zasady przetwarzania danych osobowych.<\/p>\n\n\n\n<p>W zwi\u0105zku z powy\u017cszym, przedstawiamy informacje dotycz\u0105ce przetwarzania przez nas danych osobowych Klient\u00f3w.<\/p>\n\n\n\n<p><strong>Administrator danych osobowych:<\/strong><\/p>\n\n\n\n<p>GABIENET DIETETYCZNY, Bobolice 1b\/6 57-200 Z\u0105bkowice \u015al\u0105skie, NIP:887-116-32-12<\/p>\n\n\n\n<p><strong>Specyfikacja przechowywanych danych osobowych:<\/strong><\/p>\n\n\n\n<p>Dane osobowe przekazywane przez Klient\u00f3w, przechowywane s\u0105 w spos\u00f3b zale\u017cny od ich charakterystyki i powodu ich przechowywania.<\/p>\n\n\n\n<ul class=\"wp-block-list\"><li>Dane rozszerzone (imi\u0119 i nazwisko) Klient\u00f3w przechowywane s\u0105 stacjonarnie<\/li><li>Dane kontaktowe (Imi\u0119, nazwisko i numer telefonu), przekazywane celem mo\u017cliwo\u015bci kontaktu Pacjenta\/Klienta i Dietetyka, przechowywane s\u0105 w kalendarzu , telefonie kom\u00f3rkowym Dietetyka;<\/li><li>Dane (imi\u0119, nazwisko, wiek oraz p\u0142e\u0107) Klient\u00f3w korzystaj\u0105cych z us\u0142ugi Analizy Sk\u0142adu Masy Cia\u0142a, przechowywane s\u0105 stacjonarnie;<\/li><li>Dane szczeg\u00f3\u0142owe (przekazywane w trakcie wywiadu medyczno-dietetycznego, b\u0119d\u0105cego cz\u0119\u015bci\u0105 Pierwszej Wizyty w gabinecie dietetycznym, b\u0119d\u0105ce niezb\u0119dne do podj\u0119cia wsp\u00f3\u0142pracy Dietetyka Magdaleny Tokaruk z Klientem, przechowywane s\u0105 na dysku twardym komputera stacjonarnego, stanowi\u0105cego wyposa\u017cenie gabinetu dietetycznego i\/lub w formie wydruku (przechowywanego w spos\u00f3b uniemo\u017cliwiaj\u0105cy dost\u0119p os\u00f3b trzecich)<\/li><\/ul>\n\n\n\n<p>Dane osobowe Klient\u00f3w s\u0105 przetwarzane i przechowywane przez czas niezb\u0119dny ze wzgl\u0119du na cel ich przetwarzania.<\/p>\n\n\n\n<p>Dane osobowe przetwarzane w celu wykonania us\u0142ugi, realizacji zam\u00f3wienia oraz wype\u0142nienia przez Nas obowi\u0105zk\u00f3w prawnych b\u0119d\u0105 przechowywane przez okres obowi\u0105zywania wsp\u00f3\u0142pracy oraz po jej up\u0142ywie przez czas niezb\u0119dny do obs\u0142ugi;<\/p>\n\n\n\n<p><strong>Odbiorcy danych osobowych:<\/strong><\/p>\n\n\n\n<p>Przechowywane przez nas dane osobowe naszych Klient\u00f3w, w zale\u017cno\u015bci od ich specyfiki przetwarzane s\u0105:<\/p>\n\n\n\n<ul class=\"wp-block-list\"><li>Wy\u0142\u0105cznie przez Dietetyka, kt\u00f3rym dane te zosta\u0142y udost\u0119pnione w zwi\u0105zku ze \u015bwiadczeniem na rzecz Klienta us\u0142ug dietetycznych<\/li><\/ul>\n\n\n\n<p>Podmioty oraz osoby wymienione powy\u017cej, zgodnie z obowi\u0105zuj\u0105cym prawem, s\u0105 zobowi\u0105zane do zachowania pe\u0142nej poufno\u015bci w zwi\u0105zku z przetwarzaniem danych osobowych Klient\u00f3w.<\/p>\n\n\n\n<p><strong>Cele oraz sposoby przetwarzania danych osobowych:<\/strong><\/p>\n\n\n\n<p>W zale\u017cno\u015bci od specyfiki wsp\u00f3\u0142pracy z naszym Klientem, jego dane osobowe przetwarzane s\u0105 wy\u0142\u0105cznie w nast\u0119puj\u0105cych celach:<\/p>\n\n\n\n<ul class=\"wp-block-list\"><li>\u015awiadczenie us\u0142ug gabinetu dietetycznego<\/li><li>Kontakt telefoniczny b\u0105d\u017a e-mail w zwi\u0105zku ze \u015bwiadczeniem us\u0142ug dietetycznych (um\u00f3wienie terminu wizyty, prze\u0142o\u017cenie terminu wizyty, sprecyzowanie przekazanych przez Klienta informacji, konsultacje z Klientem w trakcie \u015bwiadczenia us\u0142ugi dietetycznej)<\/li><\/ul>\n\n\n\n<p><strong>Modyfikacja lub usuni\u0119cie danych osobowych:<\/strong><\/p>\n\n\n\n<p>Wszelkie wnioski dotycz\u0105ce zmian b\u0105d\u017a usuni\u0119cia danych osobowych naszych Klient\u00f3w, przyjmowane s\u0105:<\/p>\n\n\n\n<ul class=\"wp-block-list\"><li>Pisemnie na adres: Gabinet Dietetyczny Bobolice 1b\/6 57-200 Z\u0105bkowice \u015al.<\/li><li>E-mailowo na adres: dietetyk.magdalena.tokaruk@wp.pl<\/li><li>Telefonicznie pod numerem telefonu: +48&nbsp;881-775-588<\/li><\/ul>\n","protected":false},"excerpt":{"rendered":"<p>W dniu 25 maja 2018 roku w \u017cycie wesz\u0142y przepisy Rozporz\u0105dzenia Parlamentu Europejskiego i Rady (UE) 2016\/679 z dnia 27 kwietnia 2016 [&hellip;]<\/p>\n","protected":false},"author":1,"featured_media":0,"parent":0,"menu_order":0,"comment_status":"closed","ping_status":"closed","template":"","meta":{"footnotes":""},"class_list":["post-880","page","type-page","status-publish","hentry"],"_links":{"self":[{"href":"https:\/\/gdmt.pl\/index.php\/wp-json\/wp\/v2\/pages\/880","targetHints":{"allow":["GET"]}}],"collection":[{"href":"https:\/\/gdmt.pl\/index.php\/wp-json\/wp\/v2\/pages"}],"about":[{"href":"https:\/\/gdmt.pl\/index.php\/wp-json\/wp\/v2\/types\/page"}],"author":[{"embeddable":true,"href":"https:\/\/gdmt.pl\/index.php\/wp-json\/wp\/v2\/users\/1"}],"replies":[{"embeddable":true,"href":"https:\/\/gdmt.pl\/index.php\/wp-json\/wp\/v2\/comments?post=880"}],"version-history":[{"count":1,"href":"https:\/\/gdmt.pl\/index.php\/wp-json\/wp\/v2\/pages\/880\/revisions"}],"predecessor-version":[{"id":881,"href":"https:\/\/gdmt.pl\/index.php\/wp-json\/wp\/v2\/pages\/880\/revisions\/881"}],"wp:attachment":[{"href":"https:\/\/gdmt.pl\/index.php\/wp-json\/wp\/v2\/media?parent=880"}],"curies":[{"name":"wp","href":"https:\/\/api.w.org\/{rel}","templated":true}]}}