{"id":401,"date":"2021-11-01T11:30:50","date_gmt":"2021-11-01T11:30:50","guid":{"rendered":"https:\/\/demo.athemes.com\/sydney-main\/?page_id=401"},"modified":"2022-11-06T15:42:21","modified_gmt":"2022-11-06T14:42:21","slug":"o-nas","status":"publish","type":"page","link":"https:\/\/gdmt.pl\/index.php\/o-nas\/","title":{"rendered":"O nas"},"content":{"rendered":"\t\t<div data-elementor-type=\"wp-page\" data-elementor-id=\"401\" class=\"elementor elementor-401\" data-elementor-post-type=\"page\">\n\t\t\t\t\t\t<section class=\"elementor-section elementor-top-section elementor-element elementor-element-eedafb9 elementor-section-content-middle elementor-section-boxed elementor-section-height-default elementor-section-height-default\" data-id=\"eedafb9\" data-element_type=\"section\">\n\t\t\t\t\t\t<div class=\"elementor-container elementor-column-gap-default\">\n\t\t\t\t\t<div class=\"elementor-column elementor-col-50 elementor-top-column elementor-element elementor-element-571508b\" data-id=\"571508b\" data-element_type=\"column\">\n\t\t\t<div class=\"elementor-widget-wrap elementor-element-populated\">\n\t\t\t\t\t\t<div class=\"elementor-element elementor-element-fb80230 elementor-widget elementor-widget-heading\" data-id=\"fb80230\" data-element_type=\"widget\" data-widget_type=\"heading.default\">\n\t\t\t\t<div class=\"elementor-widget-container\">\n\t\t\t<style>\/*! elementor - v3.23.0 - 15-07-2024 *\/\n.elementor-heading-title{padding:0;margin:0;line-height:1}.elementor-widget-heading .elementor-heading-title[class*=elementor-size-]>a{color:inherit;font-size:inherit;line-height:inherit}.elementor-widget-heading .elementor-heading-title.elementor-size-small{font-size:15px}.elementor-widget-heading .elementor-heading-title.elementor-size-medium{font-size:19px}.elementor-widget-heading .elementor-heading-title.elementor-size-large{font-size:29px}.elementor-widget-heading .elementor-heading-title.elementor-size-xl{font-size:39px}.elementor-widget-heading .elementor-heading-title.elementor-size-xxl{font-size:59px}<\/style><h6 class=\"elementor-heading-title elementor-size-default\">O nas<\/h6>\t\t<\/div>\n\t\t\t\t<\/div>\n\t\t\t\t<div class=\"elementor-element elementor-element-2fc2cb6 elementor-widget elementor-widget-heading\" data-id=\"2fc2cb6\" data-element_type=\"widget\" data-widget_type=\"heading.default\">\n\t\t\t\t<div class=\"elementor-widget-container\">\n\t\t\t<h2 class=\"elementor-heading-title elementor-size-default\">Dietetyka kliniczna Tokaruk &amp; Madej<\/h2>\t\t<\/div>\n\t\t\t\t<\/div>\n\t\t\t\t\t<\/div>\n\t\t<\/div>\n\t\t\t\t<div class=\"elementor-column elementor-col-50 elementor-top-column elementor-element elementor-element-bc4d4c0\" data-id=\"bc4d4c0\" data-element_type=\"column\">\n\t\t\t<div class=\"elementor-widget-wrap elementor-element-populated\">\n\t\t\t\t\t\t<div class=\"elementor-element elementor-element-48dd569 elementor-widget elementor-widget-image\" data-id=\"48dd569\" data-element_type=\"widget\" data-widget_type=\"image.default\">\n\t\t\t\t<div class=\"elementor-widget-container\">\n\t\t\t<style>\/*! elementor - v3.23.0 - 15-07-2024 *\/\n.elementor-widget-image{text-align:center}.elementor-widget-image a{display:inline-block}.elementor-widget-image a img[src$=\".svg\"]{width:48px}.elementor-widget-image img{vertical-align:middle;display:inline-block}<\/style>\t\t\t\t\t\t\t\t\t\t<img fetchpriority=\"high\" decoding=\"async\" width=\"802\" height=\"1024\" src=\"https:\/\/gdmt.pl\/wp-content\/uploads\/2022\/11\/dietetyczki-802x1024.png\" class=\"attachment-large size-large wp-image-814\" alt=\"Dietetyka Kliniczna Tokaruk Madej\" srcset=\"https:\/\/gdmt.pl\/wp-content\/uploads\/2022\/11\/dietetyczki-802x1024.png 802w, https:\/\/gdmt.pl\/wp-content\/uploads\/2022\/11\/dietetyczki-235x300.png 235w, https:\/\/gdmt.pl\/wp-content\/uploads\/2022\/11\/dietetyczki-768x980.png 768w, https:\/\/gdmt.pl\/wp-content\/uploads\/2022\/11\/dietetyczki-230x294.png 230w, https:\/\/gdmt.pl\/wp-content\/uploads\/2022\/11\/dietetyczki-350x447.png 350w, https:\/\/gdmt.pl\/wp-content\/uploads\/2022\/11\/dietetyczki-480x613.png 480w, https:\/\/gdmt.pl\/wp-content\/uploads\/2022\/11\/dietetyczki.png 811w\" sizes=\"(max-width: 802px) 100vw, 802px\" \/>\t\t\t\t\t\t\t\t\t\t\t\t\t<\/div>\n\t\t\t\t<\/div>\n\t\t\t\t\t<\/div>\n\t\t<\/div>\n\t\t\t\t\t<\/div>\n\t\t<\/section>\n\t\t\t\t<section class=\"elementor-section elementor-top-section elementor-element elementor-element-aa357ca elementor-section-boxed elementor-section-height-default elementor-section-height-default\" data-id=\"aa357ca\" data-element_type=\"section\">\n\t\t\t\t\t\t<div class=\"elementor-container elementor-column-gap-default\">\n\t\t\t\t\t<div class=\"elementor-column elementor-col-100 elementor-top-column elementor-element elementor-element-50a14cd\" data-id=\"50a14cd\" data-element_type=\"column\">\n\t\t\t<div class=\"elementor-widget-wrap elementor-element-populated\">\n\t\t\t\t\t\t<section class=\"elementor-section elementor-inner-section elementor-element elementor-element-ef55ae6 elementor-section-boxed elementor-section-height-default elementor-section-height-default\" data-id=\"ef55ae6\" data-element_type=\"section\">\n\t\t\t\t\t\t<div class=\"elementor-container elementor-column-gap-extended\">\n\t\t\t\t\t<div class=\"elementor-column elementor-col-50 elementor-inner-column elementor-element elementor-element-5daae18\" data-id=\"5daae18\" data-element_type=\"column\">\n\t\t\t<div class=\"elementor-widget-wrap elementor-element-populated\">\n\t\t\t\t\t\t<div class=\"elementor-element elementor-element-0b0f7d5 elementor-widget elementor-widget-image\" data-id=\"0b0f7d5\" data-element_type=\"widget\" data-widget_type=\"image.default\">\n\t\t\t\t<div class=\"elementor-widget-container\">\n\t\t\t\t\t\t\t\t\t\t\t\t\t<img decoding=\"async\" width=\"1024\" height=\"860\" src=\"https:\/\/gdmt.pl\/wp-content\/uploads\/2022\/11\/alicja-web-1024x860.png\" class=\"attachment-large size-large wp-image-793\" alt=\"Alicja Madej - Dietetyk Kliniczny\" srcset=\"https:\/\/gdmt.pl\/wp-content\/uploads\/2022\/11\/alicja-web-1024x860.png 1024w, https:\/\/gdmt.pl\/wp-content\/uploads\/2022\/11\/alicja-web-300x252.png 300w, https:\/\/gdmt.pl\/wp-content\/uploads\/2022\/11\/alicja-web-768x645.png 768w, https:\/\/gdmt.pl\/wp-content\/uploads\/2022\/11\/alicja-web-1000x840.png 1000w, https:\/\/gdmt.pl\/wp-content\/uploads\/2022\/11\/alicja-web-230x193.png 230w, https:\/\/gdmt.pl\/wp-content\/uploads\/2022\/11\/alicja-web-350x294.png 350w, https:\/\/gdmt.pl\/wp-content\/uploads\/2022\/11\/alicja-web-480x403.png 480w, https:\/\/gdmt.pl\/wp-content\/uploads\/2022\/11\/alicja-web.png 1310w\" sizes=\"(max-width: 1024px) 100vw, 1024px\" \/>\t\t\t\t\t\t\t\t\t\t\t\t\t<\/div>\n\t\t\t\t<\/div>\n\t\t\t\t<div class=\"elementor-element elementor-element-cbc8877 elementor-widget elementor-widget-heading\" data-id=\"cbc8877\" data-element_type=\"widget\" data-widget_type=\"heading.default\">\n\t\t\t\t<div class=\"elementor-widget-container\">\n\t\t\t<h6 class=\"elementor-heading-title elementor-size-default\">Dietetyk KLiniczny<\/h6>\t\t<\/div>\n\t\t\t\t<\/div>\n\t\t\t\t<div class=\"elementor-element elementor-element-7fd72d9 elementor-widget elementor-widget-heading\" data-id=\"7fd72d9\" data-element_type=\"widget\" data-widget_type=\"heading.default\">\n\t\t\t\t<div class=\"elementor-widget-container\">\n\t\t\t<h3 class=\"elementor-heading-title elementor-size-default\">Alicja Madej<\/h3>\t\t<\/div>\n\t\t\t\t<\/div>\n\t\t\t\t<div class=\"elementor-element elementor-element-ad7d1b1 e-grid-align-left elementor-shape-rounded elementor-grid-0 elementor-widget elementor-widget-social-icons\" data-id=\"ad7d1b1\" data-element_type=\"widget\" data-widget_type=\"social-icons.default\">\n\t\t\t\t<div class=\"elementor-widget-container\">\n\t\t\t<style>\/*! elementor - v3.23.0 - 15-07-2024 *\/\n.elementor-widget-social-icons.elementor-grid-0 .elementor-widget-container,.elementor-widget-social-icons.elementor-grid-mobile-0 .elementor-widget-container,.elementor-widget-social-icons.elementor-grid-tablet-0 .elementor-widget-container{line-height:1;font-size:0}.elementor-widget-social-icons:not(.elementor-grid-0):not(.elementor-grid-tablet-0):not(.elementor-grid-mobile-0) .elementor-grid{display:inline-grid}.elementor-widget-social-icons .elementor-grid{grid-column-gap:var(--grid-column-gap,5px);grid-row-gap:var(--grid-row-gap,5px);grid-template-columns:var(--grid-template-columns);justify-content:var(--justify-content,center);justify-items:var(--justify-content,center)}.elementor-icon.elementor-social-icon{font-size:var(--icon-size,25px);line-height:var(--icon-size,25px);width:calc(var(--icon-size, 25px) + 2 * var(--icon-padding, .5em));height:calc(var(--icon-size, 25px) + 2 * var(--icon-padding, .5em))}.elementor-social-icon{--e-social-icon-icon-color:#fff;display:inline-flex;background-color:#69727d;align-items:center;justify-content:center;text-align:center;cursor:pointer}.elementor-social-icon i{color:var(--e-social-icon-icon-color)}.elementor-social-icon svg{fill:var(--e-social-icon-icon-color)}.elementor-social-icon:last-child{margin:0}.elementor-social-icon:hover{opacity:.9;color:#fff}.elementor-social-icon-android{background-color:#a4c639}.elementor-social-icon-apple{background-color:#999}.elementor-social-icon-behance{background-color:#1769ff}.elementor-social-icon-bitbucket{background-color:#205081}.elementor-social-icon-codepen{background-color:#000}.elementor-social-icon-delicious{background-color:#39f}.elementor-social-icon-deviantart{background-color:#05cc47}.elementor-social-icon-digg{background-color:#005be2}.elementor-social-icon-dribbble{background-color:#ea4c89}.elementor-social-icon-elementor{background-color:#d30c5c}.elementor-social-icon-envelope{background-color:#ea4335}.elementor-social-icon-facebook,.elementor-social-icon-facebook-f{background-color:#3b5998}.elementor-social-icon-flickr{background-color:#0063dc}.elementor-social-icon-foursquare{background-color:#2d5be3}.elementor-social-icon-free-code-camp,.elementor-social-icon-freecodecamp{background-color:#006400}.elementor-social-icon-github{background-color:#333}.elementor-social-icon-gitlab{background-color:#e24329}.elementor-social-icon-globe{background-color:#69727d}.elementor-social-icon-google-plus,.elementor-social-icon-google-plus-g{background-color:#dd4b39}.elementor-social-icon-houzz{background-color:#7ac142}.elementor-social-icon-instagram{background-color:#262626}.elementor-social-icon-jsfiddle{background-color:#487aa2}.elementor-social-icon-link{background-color:#818a91}.elementor-social-icon-linkedin,.elementor-social-icon-linkedin-in{background-color:#0077b5}.elementor-social-icon-medium{background-color:#00ab6b}.elementor-social-icon-meetup{background-color:#ec1c40}.elementor-social-icon-mixcloud{background-color:#273a4b}.elementor-social-icon-odnoklassniki{background-color:#f4731c}.elementor-social-icon-pinterest{background-color:#bd081c}.elementor-social-icon-product-hunt{background-color:#da552f}.elementor-social-icon-reddit{background-color:#ff4500}.elementor-social-icon-rss{background-color:#f26522}.elementor-social-icon-shopping-cart{background-color:#4caf50}.elementor-social-icon-skype{background-color:#00aff0}.elementor-social-icon-slideshare{background-color:#0077b5}.elementor-social-icon-snapchat{background-color:#fffc00}.elementor-social-icon-soundcloud{background-color:#f80}.elementor-social-icon-spotify{background-color:#2ebd59}.elementor-social-icon-stack-overflow{background-color:#fe7a15}.elementor-social-icon-steam{background-color:#00adee}.elementor-social-icon-stumbleupon{background-color:#eb4924}.elementor-social-icon-telegram{background-color:#2ca5e0}.elementor-social-icon-threads{background-color:#000}.elementor-social-icon-thumb-tack{background-color:#1aa1d8}.elementor-social-icon-tripadvisor{background-color:#589442}.elementor-social-icon-tumblr{background-color:#35465c}.elementor-social-icon-twitch{background-color:#6441a5}.elementor-social-icon-twitter{background-color:#1da1f2}.elementor-social-icon-viber{background-color:#665cac}.elementor-social-icon-vimeo{background-color:#1ab7ea}.elementor-social-icon-vk{background-color:#45668e}.elementor-social-icon-weibo{background-color:#dd2430}.elementor-social-icon-weixin{background-color:#31a918}.elementor-social-icon-whatsapp{background-color:#25d366}.elementor-social-icon-wordpress{background-color:#21759b}.elementor-social-icon-x-twitter{background-color:#000}.elementor-social-icon-xing{background-color:#026466}.elementor-social-icon-yelp{background-color:#af0606}.elementor-social-icon-youtube{background-color:#cd201f}.elementor-social-icon-500px{background-color:#0099e5}.elementor-shape-rounded .elementor-icon.elementor-social-icon{border-radius:10%}.elementor-shape-circle .elementor-icon.elementor-social-icon{border-radius:50%}<\/style>\t\t<div class=\"elementor-social-icons-wrapper elementor-grid\">\n\t\t\t\t\t\t\t<span class=\"elementor-grid-item\">\n\t\t\t\t\t<a class=\"elementor-icon elementor-social-icon elementor-social-icon-facebook elementor-repeater-item-df21b6d\" href=\"https:\/\/www.facebook.com\/profile.php?id=100057360553354\" target=\"_blank\">\n\t\t\t\t\t\t<span class=\"elementor-screen-only\">Facebook<\/span>\n\t\t\t\t\t\t<i class=\"fab fa-facebook\"><\/i>\t\t\t\t\t<\/a>\n\t\t\t\t<\/span>\n\t\t\t\t\t\t\t<span class=\"elementor-grid-item\">\n\t\t\t\t\t<a class=\"elementor-icon elementor-social-icon elementor-social-icon-envelope elementor-repeater-item-79a623c\" href=\"https:\/\/mailto:madej.dietetyk@gmail.com%20\" target=\"_blank\">\n\t\t\t\t\t\t<span class=\"elementor-screen-only\">Envelope<\/span>\n\t\t\t\t\t\t<i class=\"fas fa-envelope\"><\/i>\t\t\t\t\t<\/a>\n\t\t\t\t<\/span>\n\t\t\t\t\t\t\t<span class=\"elementor-grid-item\">\n\t\t\t\t\t<a class=\"elementor-icon elementor-social-icon elementor-social-icon-whatsapp elementor-repeater-item-edc8873\" href=\"tel:48603119291\" target=\"_blank\">\n\t\t\t\t\t\t<span class=\"elementor-screen-only\">Whatsapp<\/span>\n\t\t\t\t\t\t<i class=\"fab fa-whatsapp\"><\/i>\t\t\t\t\t<\/a>\n\t\t\t\t<\/span>\n\t\t\t\t\t<\/div>\n\t\t\t\t<\/div>\n\t\t\t\t<\/div>\n\t\t\t\t<div class=\"elementor-element elementor-element-86af64a elementor-widget elementor-widget-text-editor\" data-id=\"86af64a\" data-element_type=\"widget\" data-widget_type=\"text-editor.default\">\n\t\t\t\t<div class=\"elementor-widget-container\">\n\t\t\t<style>\/*! elementor - v3.23.0 - 15-07-2024 *\/\n.elementor-widget-text-editor.elementor-drop-cap-view-stacked .elementor-drop-cap{background-color:#69727d;color:#fff}.elementor-widget-text-editor.elementor-drop-cap-view-framed .elementor-drop-cap{color:#69727d;border:3px solid;background-color:transparent}.elementor-widget-text-editor:not(.elementor-drop-cap-view-default) .elementor-drop-cap{margin-top:8px}.elementor-widget-text-editor:not(.elementor-drop-cap-view-default) .elementor-drop-cap-letter{width:1em;height:1em}.elementor-widget-text-editor .elementor-drop-cap{float:left;text-align:center;line-height:1;font-size:50px}.elementor-widget-text-editor .elementor-drop-cap-letter{display:inline-block}<\/style>\t\t\t\t<p>Nazywam si\u0119 Alicja Madej. Uko\u0144czy\u0142am Technologi\u0119 \u017cywno\u015bci i \u017cywienie cz\u0142owieka na Uniwersytecie Przyrodniczym we Wroc\u0142awiu oraz studia podyplomowe \u017bywienie, dietetyka i sztuka kulinarna.<\/p><p>Ca\u0142y czas pog\u0142\u0119biam swoj\u0105 wiedz\u0119 na r\u00f3\u017cnego rodzaju szkoleniach, konferencjach naukowych i webinarach.<\/p><p>Od wielu lat moj\u0105 pasj\u0105 jest zdrowe od\u017cywianie, gotowanie oraz promowanie racjonalnego stylu \u017cycia. Wolny czas lubi\u0119 sp\u0119dza\u0107 w otoczeniu natury, doceniaj\u0105c ma\u0142e, pi\u0119kne rzeczy. Za ka\u017cd\u0105 przyjemno\u015b\u0107 i nauk\u0119 czuj\u0119 ogromn\u0105 wdzi\u0119czno\u015b\u0107. Uwa\u017cam, \u017ce ta wdzi\u0119czno\u015b\u0107 sprawia, \u017ce jeste\u015bmy szcz\u0119\u015bliwymi lud\u017ami. Mam nadziej\u0119, \u017ce po spotkaniach ze mn\u0105 klienci s\u0105 zmotywowani do zmian nawyk\u00f3w, nie tylko \u017cywieniowych, ale te\u017c zwi\u0105zanych ze stylem \u017cycia.<\/p><p>Moje specjalno\u015bci to:<\/p><p>-insulinooporno\u015b\u0107 (jestem &#8222;specjalist\u0105 przyjaznym insulinoopornym&#8221; na li\u015bcie Fundacjii Insulinooporno\u015b\u0107)<\/p><p>&#8211; PCOS<\/p><p>&#8211; choroby tarczycy<\/p><p>&#8211; zaburzenia p\u0142odno\u015bci<\/p><p>&#8211; Hashimoto<\/p>\t\t\t\t\t\t<\/div>\n\t\t\t\t<\/div>\n\t\t\t\t\t<\/div>\n\t\t<\/div>\n\t\t\t\t<div class=\"elementor-column elementor-col-50 elementor-inner-column elementor-element elementor-element-c291320\" data-id=\"c291320\" data-element_type=\"column\">\n\t\t\t<div class=\"elementor-widget-wrap elementor-element-populated\">\n\t\t\t\t\t\t<div class=\"elementor-element elementor-element-4e49c49 elementor-widget elementor-widget-image\" data-id=\"4e49c49\" data-element_type=\"widget\" data-widget_type=\"image.default\">\n\t\t\t\t<div class=\"elementor-widget-container\">\n\t\t\t\t\t\t\t\t\t\t\t\t\t<img decoding=\"async\" width=\"1024\" height=\"860\" src=\"https:\/\/gdmt.pl\/wp-content\/uploads\/2022\/11\/magda-web-1024x860.gif\" class=\"attachment-large size-large wp-image-792\" alt=\"Magda Tokaruk - Dietetyk Kliniczny\" srcset=\"https:\/\/gdmt.pl\/wp-content\/uploads\/2022\/11\/magda-web-1024x860.gif 1024w, https:\/\/gdmt.pl\/wp-content\/uploads\/2022\/11\/magda-web-300x252.gif 300w, https:\/\/gdmt.pl\/wp-content\/uploads\/2022\/11\/magda-web-768x645.gif 768w, https:\/\/gdmt.pl\/wp-content\/uploads\/2022\/11\/magda-web-1000x840.gif 1000w, https:\/\/gdmt.pl\/wp-content\/uploads\/2022\/11\/magda-web-230x193.gif 230w, https:\/\/gdmt.pl\/wp-content\/uploads\/2022\/11\/magda-web-350x294.gif 350w, https:\/\/gdmt.pl\/wp-content\/uploads\/2022\/11\/magda-web-480x403.gif 480w\" sizes=\"(max-width: 1024px) 100vw, 1024px\" \/>\t\t\t\t\t\t\t\t\t\t\t\t\t<\/div>\n\t\t\t\t<\/div>\n\t\t\t\t<div class=\"elementor-element elementor-element-6e68bdc elementor-widget elementor-widget-heading\" data-id=\"6e68bdc\" data-element_type=\"widget\" data-widget_type=\"heading.default\">\n\t\t\t\t<div class=\"elementor-widget-container\">\n\t\t\t<h6 class=\"elementor-heading-title elementor-size-default\">Dietetyk Kliniczny<\/h6>\t\t<\/div>\n\t\t\t\t<\/div>\n\t\t\t\t<div class=\"elementor-element elementor-element-e211978 elementor-widget elementor-widget-heading\" data-id=\"e211978\" data-element_type=\"widget\" data-widget_type=\"heading.default\">\n\t\t\t\t<div class=\"elementor-widget-container\">\n\t\t\t<h3 class=\"elementor-heading-title elementor-size-default\">Magda Tokaruk<\/h3>\t\t<\/div>\n\t\t\t\t<\/div>\n\t\t\t\t<div class=\"elementor-element elementor-element-8fb5fc0 e-grid-align-left elementor-shape-rounded elementor-grid-0 elementor-widget elementor-widget-social-icons\" data-id=\"8fb5fc0\" data-element_type=\"widget\" data-widget_type=\"social-icons.default\">\n\t\t\t\t<div class=\"elementor-widget-container\">\n\t\t\t\t\t<div class=\"elementor-social-icons-wrapper elementor-grid\">\n\t\t\t\t\t\t\t<span class=\"elementor-grid-item\">\n\t\t\t\t\t<a class=\"elementor-icon elementor-social-icon elementor-social-icon-facebook elementor-repeater-item-df21b6d\" href=\"https:\/\/www.facebook.com\/profile.php?id=100057360553354\" target=\"_blank\">\n\t\t\t\t\t\t<span class=\"elementor-screen-only\">Facebook<\/span>\n\t\t\t\t\t\t<i class=\"fab fa-facebook\"><\/i>\t\t\t\t\t<\/a>\n\t\t\t\t<\/span>\n\t\t\t\t\t\t\t<span class=\"elementor-grid-item\">\n\t\t\t\t\t<a class=\"elementor-icon elementor-social-icon elementor-social-icon-envelope elementor-repeater-item-d6fa9c0\" href=\"https:\/\/mailto:dietetyk.magdalena.tokaruk@wp.pl\" target=\"_blank\">\n\t\t\t\t\t\t<span class=\"elementor-screen-only\">Envelope<\/span>\n\t\t\t\t\t\t<i class=\"fas fa-envelope\"><\/i>\t\t\t\t\t<\/a>\n\t\t\t\t<\/span>\n\t\t\t\t\t\t\t<span class=\"elementor-grid-item\">\n\t\t\t\t\t<a class=\"elementor-icon elementor-social-icon elementor-social-icon-whatsapp elementor-repeater-item-edc8873\" href=\"https:\/\/tel:881775588\" target=\"_blank\">\n\t\t\t\t\t\t<span class=\"elementor-screen-only\">Whatsapp<\/span>\n\t\t\t\t\t\t<i class=\"fab fa-whatsapp\"><\/i>\t\t\t\t\t<\/a>\n\t\t\t\t<\/span>\n\t\t\t\t\t<\/div>\n\t\t\t\t<\/div>\n\t\t\t\t<\/div>\n\t\t\t\t<div class=\"elementor-element elementor-element-4f59a96 elementor-widget elementor-widget-text-editor\" data-id=\"4f59a96\" data-element_type=\"widget\" data-widget_type=\"text-editor.default\">\n\t\t\t\t<div class=\"elementor-widget-container\">\n\t\t\t\t\t\t\t<div>Nazywam si\u0119 Magdalena Tokaruk. W 2014 roku uko\u0144czy\u0142am 3,5 letnie studia licencjackie na kierunku Dietetyka kliniczna. Od 2014 prowadz\u0119 gabinet dietetyczny i staram si\u0119 pomaga\u0107 pacjentom w polepszeniu zdrowia, sylwetki i nawyk\u00f3w \u017cywieniowych. Stale pog\u0142\u0119biam swoj\u0105 wiedz\u0119 z zakresu \u017cywienia i dietetyki na r\u00f3\u017cnego rodzaju szkoleniach i konferencjach.\u00a0<\/div><div>\u00a0<\/div><div>Od 2016roku jestem te\u017c Instruktork\u0105 Fitness, uko\u0144czy\u0142am kurs instruktorski na AMS we Wroc\u0142awiu i od kilku lat spe\u0142niam si\u0119 r\u00f3wnie\u017c prowadz\u0105c zaj\u0119cia grupowe.\u00a0<\/div><div>\u00a0<\/div><div>Dietetyka i sport to nie tylko moja praca, ale przede wszystkim pasja. Staram si\u0119 zar\u00f3wno w gabinecie, jak i na sali treningowej zara\u017ca\u0107 ni\u0105 innych.\u00a0<\/div><div>\u00a0<\/div><div>Znalezienie balansu i zasada \u017cywienia 80\/20 to to, czego mo\u017cesz si\u0119 spodziewa\u0107. W gabinecie staram si\u0119 dowiedzie\u0107 jak najwi\u0119cej o Twoim trybie \u017cycia i stanie zdrowia, aby m\u00f3c dostosowa\u0107 zmiany do tego, jak wygl\u0105da Tw\u00f3j dzie\u0144, praca, aktywno\u015b\u0107 i preferencje \u017cywieniowe.\u00a0<\/div><div>Zapraszam \ud83d\ude42\u00a0<\/div><div>\u00a0<\/div>\t\t\t\t\t\t<\/div>\n\t\t\t\t<\/div>\n\t\t\t\t\t<\/div>\n\t\t<\/div>\n\t\t\t\t\t<\/div>\n\t\t<\/section>\n\t\t\t\t\t<\/div>\n\t\t<\/div>\n\t\t\t\t\t<\/div>\n\t\t<\/section>\n\t\t\t\t<\/div>\n\t\t","protected":false},"excerpt":{"rendered":"<p>O nas Dietetyka kliniczna Tokaruk &amp; Madej Dietetyk KLiniczny Alicja Madej Facebook Envelope Whatsapp Nazywam si\u0119 Alicja Madej. Uko\u0144czy\u0142am Technologi\u0119 \u017cywno\u015bci i [&hellip;]<\/p>\n","protected":false},"author":1,"featured_media":0,"parent":0,"menu_order":0,"comment_status":"closed","ping_status":"closed","template":"page-templates\/page_front-page.php","meta":{"footnotes":""},"class_list":["post-401","page","type-page","status-publish","hentry"],"_links":{"self":[{"href":"https:\/\/gdmt.pl\/index.php\/wp-json\/wp\/v2\/pages\/401","targetHints":{"allow":["GET"]}}],"collection":[{"href":"https:\/\/gdmt.pl\/index.php\/wp-json\/wp\/v2\/pages"}],"about":[{"href":"https:\/\/gdmt.pl\/index.php\/wp-json\/wp\/v2\/types\/page"}],"author":[{"embeddable":true,"href":"https:\/\/gdmt.pl\/index.php\/wp-json\/wp\/v2\/users\/1"}],"replies":[{"embeddable":true,"href":"https:\/\/gdmt.pl\/index.php\/wp-json\/wp\/v2\/comments?post=401"}],"version-history":[{"count":35,"href":"https:\/\/gdmt.pl\/index.php\/wp-json\/wp\/v2\/pages\/401\/revisions"}],"predecessor-version":[{"id":969,"href":"https:\/\/gdmt.pl\/index.php\/wp-json\/wp\/v2\/pages\/401\/revisions\/969"}],"wp:attachment":[{"href":"https:\/\/gdmt.pl\/index.php\/wp-json\/wp\/v2\/media?parent=401"}],"curies":[{"name":"wp","href":"https:\/\/api.w.org\/{rel}","templated":true}]}}